{"id":25,"date":"2023-09-30T15:41:59","date_gmt":"2023-09-30T13:41:59","guid":{"rendered":"https:\/\/avicole-pure-race.fr\/?page_id=25"},"modified":"2024-01-08T20:21:23","modified_gmt":"2024-01-08T19:21:23","slug":"evenements","status":"publish","type":"page","link":"https:\/\/avicole-pure-race.fr\/index.php\/evenements\/","title":{"rendered":"Ev\u00e8nements"},"content":{"rendered":"\t\t<div data-elementor-type=\"wp-page\" data-elementor-id=\"25\" class=\"elementor elementor-25\">\n\t\t\t\t<div class=\"elementor-element elementor-element-8955ceb e-flex e-con-boxed e-con e-parent\" data-id=\"8955ceb\" data-element_type=\"container\" data-e-type=\"container\" data-settings=\"{&quot;background_background&quot;:&quot;classic&quot;}\">\n\t\t\t\t\t<div class=\"e-con-inner\">\n\t\t\t\t<div class=\"elementor-element elementor-element-4ba5d60 elementor-widget elementor-widget-heading\" data-id=\"4ba5d60\" data-element_type=\"widget\" data-e-type=\"widget\" data-widget_type=\"heading.default\">\n\t\t\t\t<div class=\"elementor-widget-container\">\n\t\t\t\t\t<h2 class=\"elementor-heading-title elementor-size-default\">Ev\u00e8nements<\/h2>\t\t\t\t<\/div>\n\t\t\t\t<\/div>\n\t\t\t\t\t<\/div>\n\t\t\t\t<\/div>\n\t\t<div class=\"elementor-element elementor-element-0c9247e e-flex e-con-boxed e-con e-parent\" data-id=\"0c9247e\" data-element_type=\"container\" data-e-type=\"container\">\n\t\t\t\t\t<div class=\"e-con-inner\">\n\t\t\t\t<div class=\"elementor-element elementor-element-1398419 elementor-widget elementor-widget-event-listing\" data-id=\"1398419\" data-element_type=\"widget\" data-e-type=\"widget\" data-widget_type=\"event-listing.default\">\n\t\t\t\t<div class=\"elementor-widget-container\">\n\t\t\t\t\t<div class=\"event_listings\" data-location=\"\" data-keywords=\"\" data-show_filters=\"false\" data-show_pagination=\"false\" data-per_page=\"10\" data-orderby=\"event_start_date\" data-order=\"DESC\" data-datetimes=\"\" data-categories=\"\" data-event_types=\"\" data-ticket_prices=\"\" data-event_online=\"\" ><div class=\"wpem-main wpem-event-listings-header\">\r\n    <div class=\"wpem-row\">\r\n        <div class=\"wpem-col wpem-col-12 wpem-col-sm-6 wpem-col-md-6 wpem-col-lg-8\">\r\n            <div class=\"wpem-event-listing-header-title\">\r\n                                    <h2 class=\"wpem-heading-text\">\u00c9v\u00e8nements<\/h2>\r\n                            <\/div>\r\n        <\/div>\r\n        <div class=\"wpem-col wpem-col-12 wpem-col-sm-6 wpem-col-md-6 wpem-col-lg-4\">\r\n            <div class=\"wpem-event-layout-action-wrapper\">\r\n                <div class=\"wpem-event-layout-action\">\r\n                                                                    <div class=\"wpem-event-layout-icon wpem-event-box-layout\" title=\"Vue en bo\u00eete d\u2019\u00e9v\u00e8nements\" id=\"wpem-event-box-layout\"><i class=\"wpem-icon-stop2\"><\/i><\/div>\r\n                        <div class=\"wpem-event-layout-icon wpem-event-list-layout wpem-active-layout\" title=\"Vue en liste des \u00e9v\u00e8nements\" id=\"wpem-event-list-layout\"><i class=\"wpem-icon-menu\"><\/i><\/div>\r\n                                                            <\/div>\r\n            <\/div>\r\n        <\/div>\r\n    <\/div>\r\n<\/div>\r\n\r\n<!-- Event listing view -->\r\n<div class=\"event_listings_main\">\r\n    <div id=\"event-listing-view\" class=\"wpem-main wpem-event-listings event_listings wpem-event-listing-list-view\" data-id=\"all\"><div class=\"wpem-event-box-col wpem-col wpem-col-12 wpem-col-md-6 wpem-col-lg-4\">\n    <!----- wpem-col-lg-4 value can be change by admin settings ------->\n    <div class=\"wpem-event-layout-wrapper\">\n        <div class=\"event_listing event_featured post-777 type-event_listing status-expired has-post-thumbnail hentry entry has-media\">\n            <a href=\"https:\/\/avicole-pure-race.fr\/index.php\/evenements\/salon-des-animaux-fevrier-2026\/\" class=\"wpem-event-action-url event-style-color \">\n                <div class=\"wpem-event-banner\">\n                    <div class=\"wpem-event-banner-img\" style=\"background-image: url(https:\/\/avicole-pure-race.fr\/wp-content\/uploads\/2026\/02\/affiche.jpg)\">\n                        <!-- Hide in list View \/\/ Show in Box View -->\n                                                <div class=\"wpem-event-date\">\n                            <div class=\"wpem-event-date-type\">\n                                                                    <div class=\"wpem-from-date\">\n                                        <div class=\"wpem-date\">07<\/div>\n                                        <div class=\"wpem-month\">F\u00e9v<\/div>\n                                    <\/div>\n                                                            <\/div>\n                        <\/div>\n                        <!-- Hide in list View \/\/ Show in Box View -->\n                    <\/div>\n                <\/div>\n\n                <div class=\"wpem-event-infomation\">\n                    <div class=\"wpem-event-date\">\n                        <div class=\"wpem-event-date-type\">\n                                                            <div class=\"wpem-from-date\">\n                                    <div class=\"wpem-date\">07<\/div>\n                                    <div class=\"wpem-month\">F\u00e9v<\/div>\n                                <\/div>\n                                                            <div class=\"wpem-to-date\">\n                                    <div class=\"wpem-date-separator\">-<\/div>\n                                    <div class=\"wpem-date\">08<\/div>\n                                    <div class=\"wpem-month\">F\u00e9v<\/div>\n                                <\/div>\n                                                    <\/div>\n                    <\/div>\n\n                    <div class=\"wpem-event-details\">\n                                                <div class=\"wpem-event-title\">\n                            <h3 class=\"wpem-heading-text\">Salon des animaux F\u00e9vrier 2026<\/h3>\n                        <\/div>\n\n                        <div class=\"wpem-event-date-time\">\n                            <span class=\"wpem-event-date-time-text\">\n                                07-02-2026                                 - 08-02-2026                            <\/span>\n                        <\/div>\n                        <div class=\"wpem-event-location\">\n                            <span class=\"wpem-event-location-text\">\n                                Complexe sportif D'Anchin 59146 Pecquencourt                            <\/span>\n                        <\/div>\n                        \n                        <!-- Show in list View \/\/ Hide in Box View -->\n                                                <!-- Show in list View \/\/ Hide in Box View -->\n                                            <\/div>\n                <\/div>\n            <\/a>\n        <\/div>\n    <\/div>\n<\/div><\/div>\n<\/div><\/div>\t\t\t\t<\/div>\n\t\t\t\t<\/div>\n\t\t\t\t\t<\/div>\n\t\t\t\t<\/div>\n\t\t\t\t<\/div>\n\t\t","protected":false},"excerpt":{"rendered":"<p>Ev\u00e8nements \u00c9v\u00e8nements 03 F\u00e9v 03 F\u00e9v &#8211; 04 F\u00e9v Salon des animaux 03-02-2024 &#8211; 04-02-2024 Complexe sportif D&rsquo;Anchin 59146 Pecquencourt<\/p>\n","protected":false},"author":1,"featured_media":0,"parent":0,"menu_order":0,"comment_status":"closed","ping_status":"closed","template":"","meta":{"footnotes":""},"class_list":["post-25","page","type-page","status-publish","hentry","entry","has-media"],"yoast_head":"<!-- This site is optimized with the Yoast SEO plugin v27.3 - https:\/\/yoast.com\/product\/yoast-seo-wordpress\/ -->\n<title>Ev\u00e8nements - Avicole Pure Race Pecquencourt<\/title>\n<meta name=\"description\" content=\"Liste des Ev\u00e8nements organis\u00e9s par Avicole Pure Race Pecquencourt (Exposition Avicole, Salon des animaux, ...)\" \/>\n<meta name=\"robots\" content=\"index, follow, max-snippet:-1, max-image-preview:large, max-video-preview:-1\" \/>\n<link rel=\"canonical\" href=\"https:\/\/avicole-pure-race.fr\/index.php\/evenements\/\" \/>\n<meta property=\"og:locale\" content=\"fr_FR\" \/>\n<meta property=\"og:type\" content=\"article\" \/>\n<meta property=\"og:title\" content=\"Ev\u00e8nements - Avicole Pure Race Pecquencourt\" \/>\n<meta property=\"og:description\" content=\"Liste des Ev\u00e8nements organis\u00e9s par Avicole Pure Race Pecquencourt (Exposition Avicole, Salon des animaux, ...)\" \/>\n<meta property=\"og:url\" content=\"https:\/\/avicole-pure-race.fr\/index.php\/evenements\/\" \/>\n<meta property=\"og:site_name\" content=\"Avicole Pure-Race\" \/>\n<meta property=\"article:publisher\" content=\"https:\/\/www.facebook.com\/profile.php?id=100010556016957\" \/>\n<meta property=\"article:modified_time\" content=\"2024-01-08T19:21:23+00:00\" \/>\n<meta property=\"og:image\" content=\"https:\/\/avicole-pure-race.fr\/wp-content\/uploads\/2023\/09\/Logo-710x1024.png\" \/>\n\t<meta property=\"og:image:width\" content=\"710\" \/>\n\t<meta property=\"og:image:height\" content=\"1024\" \/>\n\t<meta property=\"og:image:type\" content=\"image\/png\" \/>\n<meta name=\"twitter:card\" content=\"summary_large_image\" \/>\n<meta name=\"twitter:label1\" content=\"Dur\u00e9e de lecture estim\u00e9e\" \/>\n\t<meta name=\"twitter:data1\" content=\"1 minute\" \/>\n<script type=\"application\/ld+json\" class=\"yoast-schema-graph\">{\"@context\":\"https:\\\/\\\/schema.org\",\"@graph\":[{\"@type\":\"WebPage\",\"@id\":\"https:\\\/\\\/avicole-pure-race.fr\\\/index.php\\\/evenements\\\/\",\"url\":\"https:\\\/\\\/avicole-pure-race.fr\\\/index.php\\\/evenements\\\/\",\"name\":\"Ev\u00e8nements - Avicole Pure Race Pecquencourt\",\"isPartOf\":{\"@id\":\"https:\\\/\\\/avicole-pure-race.fr\\\/#website\"},\"datePublished\":\"2023-09-30T13:41:59+00:00\",\"dateModified\":\"2024-01-08T19:21:23+00:00\",\"description\":\"Liste des Ev\u00e8nements organis\u00e9s par Avicole Pure Race Pecquencourt (Exposition Avicole, Salon des animaux, ...)\",\"breadcrumb\":{\"@id\":\"https:\\\/\\\/avicole-pure-race.fr\\\/index.php\\\/evenements\\\/#breadcrumb\"},\"inLanguage\":\"fr-FR\",\"potentialAction\":[{\"@type\":\"ReadAction\",\"target\":[\"https:\\\/\\\/avicole-pure-race.fr\\\/index.php\\\/evenements\\\/\"]}]},{\"@type\":\"BreadcrumbList\",\"@id\":\"https:\\\/\\\/avicole-pure-race.fr\\\/index.php\\\/evenements\\\/#breadcrumb\",\"itemListElement\":[{\"@type\":\"ListItem\",\"position\":1,\"name\":\"Accueil\",\"item\":\"https:\\\/\\\/avicole-pure-race.fr\\\/\"},{\"@type\":\"ListItem\",\"position\":2,\"name\":\"Ev\u00e8nements\"}]},{\"@type\":\"WebSite\",\"@id\":\"https:\\\/\\\/avicole-pure-race.fr\\\/#website\",\"url\":\"https:\\\/\\\/avicole-pure-race.fr\\\/\",\"name\":\"Avicole Pure Race Pecquencourt\",\"description\":\"Pecquencourt\",\"publisher\":{\"@id\":\"https:\\\/\\\/avicole-pure-race.fr\\\/#organization\"},\"alternateName\":\"Avicole Pure Race\",\"potentialAction\":[{\"@type\":\"SearchAction\",\"target\":{\"@type\":\"EntryPoint\",\"urlTemplate\":\"https:\\\/\\\/avicole-pure-race.fr\\\/?s={search_term_string}\"},\"query-input\":{\"@type\":\"PropertyValueSpecification\",\"valueRequired\":true,\"valueName\":\"search_term_string\"}}],\"inLanguage\":\"fr-FR\"},{\"@type\":\"Organization\",\"@id\":\"https:\\\/\\\/avicole-pure-race.fr\\\/#organization\",\"name\":\"Avicole Pure-Race\",\"url\":\"https:\\\/\\\/avicole-pure-race.fr\\\/\",\"logo\":{\"@type\":\"ImageObject\",\"inLanguage\":\"fr-FR\",\"@id\":\"https:\\\/\\\/avicole-pure-race.fr\\\/#\\\/schema\\\/logo\\\/image\\\/\",\"url\":\"https:\\\/\\\/avicole-pure-race.fr\\\/wp-content\\\/uploads\\\/2023\\\/10\\\/logo_avicole_pure_race_menu-e1696522552313.png\",\"contentUrl\":\"https:\\\/\\\/avicole-pure-race.fr\\\/wp-content\\\/uploads\\\/2023\\\/10\\\/logo_avicole_pure_race_menu-e1696522552313.png\",\"width\":500,\"height\":203,\"caption\":\"Avicole Pure-Race\"},\"image\":{\"@id\":\"https:\\\/\\\/avicole-pure-race.fr\\\/#\\\/schema\\\/logo\\\/image\\\/\"},\"sameAs\":[\"https:\\\/\\\/www.facebook.com\\\/profile.php?id=100010556016957\"]}]}<\/script>\n<!-- \/ Yoast SEO plugin. -->","yoast_head_json":{"title":"Ev\u00e8nements - Avicole Pure Race Pecquencourt","description":"Liste des Ev\u00e8nements organis\u00e9s par Avicole Pure Race Pecquencourt (Exposition Avicole, Salon des animaux, ...)","robots":{"index":"index","follow":"follow","max-snippet":"max-snippet:-1","max-image-preview":"max-image-preview:large","max-video-preview":"max-video-preview:-1"},"canonical":"https:\/\/avicole-pure-race.fr\/index.php\/evenements\/","og_locale":"fr_FR","og_type":"article","og_title":"Ev\u00e8nements - Avicole Pure Race Pecquencourt","og_description":"Liste des Ev\u00e8nements organis\u00e9s par Avicole Pure Race Pecquencourt (Exposition Avicole, Salon des animaux, ...)","og_url":"https:\/\/avicole-pure-race.fr\/index.php\/evenements\/","og_site_name":"Avicole Pure-Race","article_publisher":"https:\/\/www.facebook.com\/profile.php?id=100010556016957","article_modified_time":"2024-01-08T19:21:23+00:00","og_image":[{"width":710,"height":1024,"url":"https:\/\/avicole-pure-race.fr\/wp-content\/uploads\/2023\/09\/Logo-710x1024.png","type":"image\/png"}],"twitter_card":"summary_large_image","twitter_misc":{"Dur\u00e9e de lecture estim\u00e9e":"1 minute"},"schema":{"@context":"https:\/\/schema.org","@graph":[{"@type":"WebPage","@id":"https:\/\/avicole-pure-race.fr\/index.php\/evenements\/","url":"https:\/\/avicole-pure-race.fr\/index.php\/evenements\/","name":"Ev\u00e8nements - Avicole Pure Race Pecquencourt","isPartOf":{"@id":"https:\/\/avicole-pure-race.fr\/#website"},"datePublished":"2023-09-30T13:41:59+00:00","dateModified":"2024-01-08T19:21:23+00:00","description":"Liste des Ev\u00e8nements organis\u00e9s par Avicole Pure Race Pecquencourt (Exposition Avicole, Salon des animaux, ...)","breadcrumb":{"@id":"https:\/\/avicole-pure-race.fr\/index.php\/evenements\/#breadcrumb"},"inLanguage":"fr-FR","potentialAction":[{"@type":"ReadAction","target":["https:\/\/avicole-pure-race.fr\/index.php\/evenements\/"]}]},{"@type":"BreadcrumbList","@id":"https:\/\/avicole-pure-race.fr\/index.php\/evenements\/#breadcrumb","itemListElement":[{"@type":"ListItem","position":1,"name":"Accueil","item":"https:\/\/avicole-pure-race.fr\/"},{"@type":"ListItem","position":2,"name":"Ev\u00e8nements"}]},{"@type":"WebSite","@id":"https:\/\/avicole-pure-race.fr\/#website","url":"https:\/\/avicole-pure-race.fr\/","name":"Avicole Pure Race Pecquencourt","description":"Pecquencourt","publisher":{"@id":"https:\/\/avicole-pure-race.fr\/#organization"},"alternateName":"Avicole Pure Race","potentialAction":[{"@type":"SearchAction","target":{"@type":"EntryPoint","urlTemplate":"https:\/\/avicole-pure-race.fr\/?s={search_term_string}"},"query-input":{"@type":"PropertyValueSpecification","valueRequired":true,"valueName":"search_term_string"}}],"inLanguage":"fr-FR"},{"@type":"Organization","@id":"https:\/\/avicole-pure-race.fr\/#organization","name":"Avicole Pure-Race","url":"https:\/\/avicole-pure-race.fr\/","logo":{"@type":"ImageObject","inLanguage":"fr-FR","@id":"https:\/\/avicole-pure-race.fr\/#\/schema\/logo\/image\/","url":"https:\/\/avicole-pure-race.fr\/wp-content\/uploads\/2023\/10\/logo_avicole_pure_race_menu-e1696522552313.png","contentUrl":"https:\/\/avicole-pure-race.fr\/wp-content\/uploads\/2023\/10\/logo_avicole_pure_race_menu-e1696522552313.png","width":500,"height":203,"caption":"Avicole Pure-Race"},"image":{"@id":"https:\/\/avicole-pure-race.fr\/#\/schema\/logo\/image\/"},"sameAs":["https:\/\/www.facebook.com\/profile.php?id=100010556016957"]}]}},"_links":{"self":[{"href":"https:\/\/avicole-pure-race.fr\/index.php\/wp-json\/wp\/v2\/pages\/25","targetHints":{"allow":["GET"]}}],"collection":[{"href":"https:\/\/avicole-pure-race.fr\/index.php\/wp-json\/wp\/v2\/pages"}],"about":[{"href":"https:\/\/avicole-pure-race.fr\/index.php\/wp-json\/wp\/v2\/types\/page"}],"author":[{"embeddable":true,"href":"https:\/\/avicole-pure-race.fr\/index.php\/wp-json\/wp\/v2\/users\/1"}],"replies":[{"embeddable":true,"href":"https:\/\/avicole-pure-race.fr\/index.php\/wp-json\/wp\/v2\/comments?post=25"}],"version-history":[{"count":15,"href":"https:\/\/avicole-pure-race.fr\/index.php\/wp-json\/wp\/v2\/pages\/25\/revisions"}],"predecessor-version":[{"id":469,"href":"https:\/\/avicole-pure-race.fr\/index.php\/wp-json\/wp\/v2\/pages\/25\/revisions\/469"}],"wp:attachment":[{"href":"https:\/\/avicole-pure-race.fr\/index.php\/wp-json\/wp\/v2\/media?parent=25"}],"curies":[{"name":"wp","href":"https:\/\/api.w.org\/{rel}","templated":true}]}}