{"id":27,"date":"2023-09-30T15:42:10","date_gmt":"2023-09-30T13:42:10","guid":{"rendered":"https:\/\/avicole-pure-race.fr\/?page_id=27"},"modified":"2023-12-17T19:00:39","modified_gmt":"2023-12-17T18:00:39","slug":"le-club","status":"publish","type":"page","link":"https:\/\/avicole-pure-race.fr\/index.php\/le-club\/","title":{"rendered":"Le club"},"content":{"rendered":"\t\t<div data-elementor-type=\"wp-page\" data-elementor-id=\"27\" class=\"elementor elementor-27\">\n\t\t\t\t<div class=\"elementor-element elementor-element-a558e07 e-flex e-con-boxed e-con e-parent\" data-id=\"a558e07\" data-element_type=\"container\" data-e-type=\"container\" data-settings=\"{&quot;background_background&quot;:&quot;classic&quot;}\">\n\t\t\t\t\t<div class=\"e-con-inner\">\n\t\t\t\t<div class=\"elementor-element elementor-element-833144a elementor-widget elementor-widget-heading\" data-id=\"833144a\" data-element_type=\"widget\" data-e-type=\"widget\" data-widget_type=\"heading.default\">\n\t\t\t\t<div class=\"elementor-widget-container\">\n\t\t\t\t\t<h2 class=\"elementor-heading-title elementor-size-default\">Le club<\/h2>\t\t\t\t<\/div>\n\t\t\t\t<\/div>\n\t\t\t\t\t<\/div>\n\t\t\t\t<\/div>\n\t\t<div class=\"elementor-element elementor-element-570ee45 e-flex e-con-boxed e-con e-parent\" data-id=\"570ee45\" data-element_type=\"container\" data-e-type=\"container\">\n\t\t\t\t\t<div class=\"e-con-inner\">\n\t\t\t\t<div class=\"elementor-element elementor-element-07943ef elementor-widget elementor-widget-heading\" data-id=\"07943ef\" data-element_type=\"widget\" data-e-type=\"widget\" data-widget_type=\"heading.default\">\n\t\t\t\t<div class=\"elementor-widget-container\">\n\t\t\t\t\t<h2 class=\"elementor-heading-title elementor-size-large\">Qui sommes-nous ?<\/h2>\t\t\t\t<\/div>\n\t\t\t\t<\/div>\n\t\t\t\t<div class=\"elementor-element elementor-element-6f09f79 elementor-widget elementor-widget-text-editor\" data-id=\"6f09f79\" data-element_type=\"widget\" data-e-type=\"widget\" data-widget_type=\"text-editor.default\">\n\t\t\t\t<div class=\"elementor-widget-container\">\n\t\t\t\t\t\t\t\t\t<p style=\"background: transparent; pointer-events: auto; font-style: normal; font-variant-ligatures: normal; font-variant-caps: normal; font-weight: 400; font-size: 18px; color: #000000; margin-block: 0px; margin-bottom: 0px; text-align: justify;\"><span style=\"background: transparent; font-size: 16px;\">L&rsquo;association a pour but l&rsquo;\u00e9levage des lapins, pigeons, poules, oies, oiseaux de parc et ornements de races Pures, en les s\u00e9lectionnant et en favorisant les \u00e9changes afin de les sauvegarder. La s\u00e9lection consiste \u00e0 maintenir des races pures d\u00e9finies selon des caract\u00e9ristiques d\u00e9taill\u00e9es dans les standards officiels.<\/span><\/p><p>\u00a0<\/p><p style=\"background: transparent; pointer-events: auto; font-style: normal; font-variant-ligatures: normal; font-variant-caps: normal; font-weight: 400; font-size: 16px; color: #000000; margin-block: 0px; margin-bottom: 0px; text-align: justify;\"><span style=\"background: transparent; font-size: 16px;\">Nous voulons faire conna\u00eetre diff\u00e9rentes races et notamment les races R\u00e9gionales qui auraient disparues sans tous les passionn\u00e9s. C&rsquo;est pour cela que des expositions sont organis\u00e9es chaque ann\u00e9e, afin de pr\u00e9senter au grand public, ainsi qu&rsquo;aux \u00e9coles lors d&rsquo;une journ\u00e9e d\u00e9di\u00e9e, ces races peu connu, venues du monde entier.<\/span><\/p><p>\u00a0<\/p><p style=\"background: transparent; pointer-events: auto; font-style: normal; font-variant-ligatures: normal; font-variant-caps: normal; font-weight: 400; font-size: 16px; color: #000000; margin-block: 0px; margin-bottom: 0px; text-align: justify;\"><span style=\"background: transparent; font-size: 16px;\">Ces rassemblements permettent aussi aux \u00e9leveurs\u00a0<\/span><span style=\"background: transparent; font-size: 16px;\">de pr\u00e9senter leurs animaux \u00e0 des juges form\u00e9s et ainsi voir l&rsquo;aboutissement de leurs travail d&rsquo;une ann\u00e9e.<\/span><\/p>\t\t\t\t\t\t\t\t<\/div>\n\t\t\t\t<\/div>\n\t\t\t\t<div class=\"elementor-element elementor-element-e7afb24 elementor-widget-divider--view-line elementor-widget elementor-widget-divider\" data-id=\"e7afb24\" data-element_type=\"widget\" data-e-type=\"widget\" data-widget_type=\"divider.default\">\n\t\t\t\t<div class=\"elementor-widget-container\">\n\t\t\t\t\t\t\t<div class=\"elementor-divider\">\n\t\t\t<span class=\"elementor-divider-separator\">\n\t\t\t\t\t\t<\/span>\n\t\t<\/div>\n\t\t\t\t\t\t<\/div>\n\t\t\t\t<\/div>\n\t\t\t\t<div class=\"elementor-element elementor-element-3d3b628 elementor-widget elementor-widget-heading\" data-id=\"3d3b628\" data-element_type=\"widget\" data-e-type=\"widget\" data-widget_type=\"heading.default\">\n\t\t\t\t<div class=\"elementor-widget-container\">\n\t\t\t\t\t<h2 class=\"elementor-heading-title elementor-size-large\">Trombinoscope<\/h2>\t\t\t\t<\/div>\n\t\t\t\t<\/div>\n\t\t\t\t<div class=\"elementor-element elementor-element-973e417 elementor-widget elementor-widget-text-editor\" data-id=\"973e417\" data-element_type=\"widget\" data-e-type=\"widget\" data-widget_type=\"text-editor.default\">\n\t\t\t\t<div class=\"elementor-widget-container\">\n\t\t\t\t\t\t\t\t\t<p style=\"background: transparent; pointer-events: auto; font-style: normal; font-variant-ligatures: normal; font-variant-caps: normal; font-weight: 400; color: #000000; margin-block: 0px; margin-bottom: 0px; text-align: justify;\"><span style=\"background: transparent; font-size: 16px; text-align: start; font-weight: bold;\">Pr\u00e9sident:<\/span><span style=\"background-color: transparent; font-size: 16px; text-align: start;\">&nbsp;<\/span><span style=\"background-color: transparent; font-size: 16px; text-align: start;\">Jean-Paul Chatelin<\/span><\/p>\n<p style=\"background: transparent; pointer-events: auto; font-style: normal; font-variant-ligatures: normal; font-variant-caps: normal; font-weight: 400; font-size: 16px; line-height: 1.8em; color: #000000; margin-block: 0px; margin-bottom: 0px; text-align: start;\"><span style=\"background: transparent;\"><span style=\"background: transparent; font-weight: bold;\">Vice-pr\u00e9sident:<\/span>&nbsp;Fran\u00e7is Zawadzki, Gilles Biz\u00e9<\/span><\/p>\n<p style=\"background: transparent; pointer-events: auto; font-style: normal; font-variant-ligatures: normal; font-variant-caps: normal; font-weight: 400; font-size: 16px; line-height: 1.8em; color: #000000; margin-block: 0px; margin-bottom: 0px; text-align: start;\"><span style=\"background: transparent;\"><span style=\"background: transparent; font-weight: bold;\">Tr\u00e9sori\u00e8re:<\/span>&nbsp;Marie-Paule Zawadzki<\/span><\/p>\n<p style=\"background: transparent; pointer-events: auto; font-style: normal; font-variant-ligatures: normal; font-variant-caps: normal; font-weight: 400; font-size: 16px; line-height: 1.8em; color: #000000; margin-block: 0px; margin-bottom: 0px; text-align: start;\"><span style=\"background: transparent;\"><span style=\"background: transparent; font-weight: bold;\">Secr\u00e9taire:<\/span>&nbsp;<\/span><span style=\"font-family: Roboto, sans-serif; font-size: 16px; font-style: normal; font-variant-ligatures: normal; font-variant-caps: normal; font-weight: 400;\">Josette Chatelin<\/span><\/p>\t\t\t\t\t\t\t\t<\/div>\n\t\t\t\t<\/div>\n\t\t\t\t<div class=\"elementor-element elementor-element-c67439f elementor-widget-divider--view-line elementor-widget elementor-widget-divider\" data-id=\"c67439f\" data-element_type=\"widget\" data-e-type=\"widget\" data-widget_type=\"divider.default\">\n\t\t\t\t<div class=\"elementor-widget-container\">\n\t\t\t\t\t\t\t<div class=\"elementor-divider\">\n\t\t\t<span class=\"elementor-divider-separator\">\n\t\t\t\t\t\t<\/span>\n\t\t<\/div>\n\t\t\t\t\t\t<\/div>\n\t\t\t\t<\/div>\n\t\t\t\t<div class=\"elementor-element elementor-element-72590be elementor-widget elementor-widget-heading\" data-id=\"72590be\" data-element_type=\"widget\" data-e-type=\"widget\" data-widget_type=\"heading.default\">\n\t\t\t\t<div class=\"elementor-widget-container\">\n\t\t\t\t\t<h2 class=\"elementor-heading-title elementor-size-large\">Notre histoire<\/h2>\t\t\t\t<\/div>\n\t\t\t\t<\/div>\n\t\t\t\t<div class=\"elementor-element elementor-element-ac820f4 elementor-widget elementor-widget-text-editor\" data-id=\"ac820f4\" data-element_type=\"widget\" data-e-type=\"widget\" data-widget_type=\"text-editor.default\">\n\t\t\t\t<div class=\"elementor-widget-container\">\n\t\t\t\t\t\t\t\t\t<p><span style=\"color: #000000;\"><b>1928 &#8211;\u00a0<\/b><span style=\"font-size: 14px; text-align: var(--text-align);\">Cr\u00e9ation par les Polonais, la soci\u00e9t\u00e9 s&rsquo;appelait Czystej krwi<\/span><\/span><\/p><p><span style=\"color: #000000;\"><b>1953 &#8211;\u00a0<\/b><span style=\"font-size: 14px; text-align: var(--text-align);\">Rebaptisation en Pure-Race Pecquencourt<\/span><\/span><\/p><p><span style=\"color: #000000;\"><b>1986 &#8211;\u00a0<\/b><span style=\"font-size: 14px; text-align: var(--text-align);\">Changement de nom : Les Petits \u00c9leveurs du Douaisis (Pure-Race Pecquencourt)<\/span><\/span><\/p>\t\t\t\t\t\t\t\t<\/div>\n\t\t\t\t<\/div>\n\t\t\t\t\t<\/div>\n\t\t\t\t<\/div>\n\t\t\t\t<\/div>\n\t\t","protected":false},"excerpt":{"rendered":"<p>Le club Qui sommes-nous ? L&rsquo;association a pour but l&rsquo;\u00e9levage des lapins, pigeons, poules, oies, oiseaux de parc et ornements de races Pures, en les s\u00e9lectionnant et en favorisant les \u00e9changes afin de les sauvegarder. La s\u00e9lection consiste \u00e0 maintenir des races pures d\u00e9finies selon des caract\u00e9ristiques d\u00e9taill\u00e9es dans les standards officiels. \u00a0 Nous voulons [&hellip;]<\/p>\n","protected":false},"author":1,"featured_media":0,"parent":0,"menu_order":0,"comment_status":"closed","ping_status":"closed","template":"","meta":{"footnotes":""},"class_list":["post-27","page","type-page","status-publish","hentry","entry"],"yoast_head":"<!-- This site is optimized with the Yoast SEO plugin v27.3 - https:\/\/yoast.com\/product\/yoast-seo-wordpress\/ -->\n<title>Le club - Avicole Pure Race Pecquencourt<\/title>\n<meta name=\"description\" content=\"Cr\u00e9ation du club Les Petits \u00c9leveurs du Douaisis (Pure-Race Pecquencourt) en 1928. Pr\u00e9sident actuel: Jean-Paul Chatelin\" \/>\n<meta name=\"robots\" content=\"index, follow, max-snippet:-1, max-image-preview:large, max-video-preview:-1\" \/>\n<link rel=\"canonical\" href=\"https:\/\/avicole-pure-race.fr\/index.php\/le-club\/\" \/>\n<meta property=\"og:locale\" content=\"fr_FR\" \/>\n<meta property=\"og:type\" content=\"article\" \/>\n<meta property=\"og:title\" content=\"Le club - Avicole Pure Race Pecquencourt\" \/>\n<meta property=\"og:description\" content=\"Cr\u00e9ation du club Les Petits \u00c9leveurs du Douaisis (Pure-Race Pecquencourt) en 1928. Pr\u00e9sident actuel: Jean-Paul Chatelin\" \/>\n<meta property=\"og:url\" content=\"https:\/\/avicole-pure-race.fr\/index.php\/le-club\/\" \/>\n<meta property=\"og:site_name\" content=\"Avicole Pure-Race\" \/>\n<meta property=\"article:publisher\" content=\"https:\/\/www.facebook.com\/profile.php?id=100010556016957\" \/>\n<meta property=\"article:modified_time\" content=\"2023-12-17T18:00:39+00:00\" \/>\n<meta property=\"og:image\" content=\"https:\/\/avicole-pure-race.fr\/wp-content\/uploads\/2023\/09\/Logo-710x1024.png\" \/>\n\t<meta property=\"og:image:width\" content=\"710\" \/>\n\t<meta property=\"og:image:height\" content=\"1024\" \/>\n\t<meta property=\"og:image:type\" content=\"image\/png\" \/>\n<meta name=\"twitter:card\" content=\"summary_large_image\" \/>\n<meta name=\"twitter:label1\" content=\"Dur\u00e9e de lecture estim\u00e9e\" \/>\n\t<meta name=\"twitter:data1\" content=\"1 minute\" \/>\n<script type=\"application\/ld+json\" class=\"yoast-schema-graph\">{\"@context\":\"https:\\\/\\\/schema.org\",\"@graph\":[{\"@type\":\"WebPage\",\"@id\":\"https:\\\/\\\/avicole-pure-race.fr\\\/index.php\\\/le-club\\\/\",\"url\":\"https:\\\/\\\/avicole-pure-race.fr\\\/index.php\\\/le-club\\\/\",\"name\":\"Le club - Avicole Pure Race Pecquencourt\",\"isPartOf\":{\"@id\":\"https:\\\/\\\/avicole-pure-race.fr\\\/#website\"},\"datePublished\":\"2023-09-30T13:42:10+00:00\",\"dateModified\":\"2023-12-17T18:00:39+00:00\",\"description\":\"Cr\u00e9ation du club Les Petits \u00c9leveurs du Douaisis (Pure-Race Pecquencourt) en 1928. Pr\u00e9sident actuel: Jean-Paul Chatelin\",\"breadcrumb\":{\"@id\":\"https:\\\/\\\/avicole-pure-race.fr\\\/index.php\\\/le-club\\\/#breadcrumb\"},\"inLanguage\":\"fr-FR\",\"potentialAction\":[{\"@type\":\"ReadAction\",\"target\":[\"https:\\\/\\\/avicole-pure-race.fr\\\/index.php\\\/le-club\\\/\"]}]},{\"@type\":\"BreadcrumbList\",\"@id\":\"https:\\\/\\\/avicole-pure-race.fr\\\/index.php\\\/le-club\\\/#breadcrumb\",\"itemListElement\":[{\"@type\":\"ListItem\",\"position\":1,\"name\":\"Accueil\",\"item\":\"https:\\\/\\\/avicole-pure-race.fr\\\/\"},{\"@type\":\"ListItem\",\"position\":2,\"name\":\"Le club\"}]},{\"@type\":\"WebSite\",\"@id\":\"https:\\\/\\\/avicole-pure-race.fr\\\/#website\",\"url\":\"https:\\\/\\\/avicole-pure-race.fr\\\/\",\"name\":\"Avicole Pure Race Pecquencourt\",\"description\":\"Pecquencourt\",\"publisher\":{\"@id\":\"https:\\\/\\\/avicole-pure-race.fr\\\/#organization\"},\"alternateName\":\"Avicole Pure Race\",\"potentialAction\":[{\"@type\":\"SearchAction\",\"target\":{\"@type\":\"EntryPoint\",\"urlTemplate\":\"https:\\\/\\\/avicole-pure-race.fr\\\/?s={search_term_string}\"},\"query-input\":{\"@type\":\"PropertyValueSpecification\",\"valueRequired\":true,\"valueName\":\"search_term_string\"}}],\"inLanguage\":\"fr-FR\"},{\"@type\":\"Organization\",\"@id\":\"https:\\\/\\\/avicole-pure-race.fr\\\/#organization\",\"name\":\"Avicole Pure-Race\",\"url\":\"https:\\\/\\\/avicole-pure-race.fr\\\/\",\"logo\":{\"@type\":\"ImageObject\",\"inLanguage\":\"fr-FR\",\"@id\":\"https:\\\/\\\/avicole-pure-race.fr\\\/#\\\/schema\\\/logo\\\/image\\\/\",\"url\":\"https:\\\/\\\/avicole-pure-race.fr\\\/wp-content\\\/uploads\\\/2023\\\/10\\\/logo_avicole_pure_race_menu-e1696522552313.png\",\"contentUrl\":\"https:\\\/\\\/avicole-pure-race.fr\\\/wp-content\\\/uploads\\\/2023\\\/10\\\/logo_avicole_pure_race_menu-e1696522552313.png\",\"width\":500,\"height\":203,\"caption\":\"Avicole Pure-Race\"},\"image\":{\"@id\":\"https:\\\/\\\/avicole-pure-race.fr\\\/#\\\/schema\\\/logo\\\/image\\\/\"},\"sameAs\":[\"https:\\\/\\\/www.facebook.com\\\/profile.php?id=100010556016957\"]}]}<\/script>\n<!-- \/ Yoast SEO plugin. -->","yoast_head_json":{"title":"Le club - Avicole Pure Race Pecquencourt","description":"Cr\u00e9ation du club Les Petits \u00c9leveurs du Douaisis (Pure-Race Pecquencourt) en 1928. Pr\u00e9sident actuel: Jean-Paul Chatelin","robots":{"index":"index","follow":"follow","max-snippet":"max-snippet:-1","max-image-preview":"max-image-preview:large","max-video-preview":"max-video-preview:-1"},"canonical":"https:\/\/avicole-pure-race.fr\/index.php\/le-club\/","og_locale":"fr_FR","og_type":"article","og_title":"Le club - Avicole Pure Race Pecquencourt","og_description":"Cr\u00e9ation du club Les Petits \u00c9leveurs du Douaisis (Pure-Race Pecquencourt) en 1928. Pr\u00e9sident actuel: Jean-Paul Chatelin","og_url":"https:\/\/avicole-pure-race.fr\/index.php\/le-club\/","og_site_name":"Avicole Pure-Race","article_publisher":"https:\/\/www.facebook.com\/profile.php?id=100010556016957","article_modified_time":"2023-12-17T18:00:39+00:00","og_image":[{"width":710,"height":1024,"url":"https:\/\/avicole-pure-race.fr\/wp-content\/uploads\/2023\/09\/Logo-710x1024.png","type":"image\/png"}],"twitter_card":"summary_large_image","twitter_misc":{"Dur\u00e9e de lecture estim\u00e9e":"1 minute"},"schema":{"@context":"https:\/\/schema.org","@graph":[{"@type":"WebPage","@id":"https:\/\/avicole-pure-race.fr\/index.php\/le-club\/","url":"https:\/\/avicole-pure-race.fr\/index.php\/le-club\/","name":"Le club - Avicole Pure Race Pecquencourt","isPartOf":{"@id":"https:\/\/avicole-pure-race.fr\/#website"},"datePublished":"2023-09-30T13:42:10+00:00","dateModified":"2023-12-17T18:00:39+00:00","description":"Cr\u00e9ation du club Les Petits \u00c9leveurs du Douaisis (Pure-Race Pecquencourt) en 1928. Pr\u00e9sident actuel: Jean-Paul Chatelin","breadcrumb":{"@id":"https:\/\/avicole-pure-race.fr\/index.php\/le-club\/#breadcrumb"},"inLanguage":"fr-FR","potentialAction":[{"@type":"ReadAction","target":["https:\/\/avicole-pure-race.fr\/index.php\/le-club\/"]}]},{"@type":"BreadcrumbList","@id":"https:\/\/avicole-pure-race.fr\/index.php\/le-club\/#breadcrumb","itemListElement":[{"@type":"ListItem","position":1,"name":"Accueil","item":"https:\/\/avicole-pure-race.fr\/"},{"@type":"ListItem","position":2,"name":"Le club"}]},{"@type":"WebSite","@id":"https:\/\/avicole-pure-race.fr\/#website","url":"https:\/\/avicole-pure-race.fr\/","name":"Avicole Pure Race Pecquencourt","description":"Pecquencourt","publisher":{"@id":"https:\/\/avicole-pure-race.fr\/#organization"},"alternateName":"Avicole Pure Race","potentialAction":[{"@type":"SearchAction","target":{"@type":"EntryPoint","urlTemplate":"https:\/\/avicole-pure-race.fr\/?s={search_term_string}"},"query-input":{"@type":"PropertyValueSpecification","valueRequired":true,"valueName":"search_term_string"}}],"inLanguage":"fr-FR"},{"@type":"Organization","@id":"https:\/\/avicole-pure-race.fr\/#organization","name":"Avicole Pure-Race","url":"https:\/\/avicole-pure-race.fr\/","logo":{"@type":"ImageObject","inLanguage":"fr-FR","@id":"https:\/\/avicole-pure-race.fr\/#\/schema\/logo\/image\/","url":"https:\/\/avicole-pure-race.fr\/wp-content\/uploads\/2023\/10\/logo_avicole_pure_race_menu-e1696522552313.png","contentUrl":"https:\/\/avicole-pure-race.fr\/wp-content\/uploads\/2023\/10\/logo_avicole_pure_race_menu-e1696522552313.png","width":500,"height":203,"caption":"Avicole Pure-Race"},"image":{"@id":"https:\/\/avicole-pure-race.fr\/#\/schema\/logo\/image\/"},"sameAs":["https:\/\/www.facebook.com\/profile.php?id=100010556016957"]}]}},"_links":{"self":[{"href":"https:\/\/avicole-pure-race.fr\/index.php\/wp-json\/wp\/v2\/pages\/27","targetHints":{"allow":["GET"]}}],"collection":[{"href":"https:\/\/avicole-pure-race.fr\/index.php\/wp-json\/wp\/v2\/pages"}],"about":[{"href":"https:\/\/avicole-pure-race.fr\/index.php\/wp-json\/wp\/v2\/types\/page"}],"author":[{"embeddable":true,"href":"https:\/\/avicole-pure-race.fr\/index.php\/wp-json\/wp\/v2\/users\/1"}],"replies":[{"embeddable":true,"href":"https:\/\/avicole-pure-race.fr\/index.php\/wp-json\/wp\/v2\/comments?post=27"}],"version-history":[{"count":38,"href":"https:\/\/avicole-pure-race.fr\/index.php\/wp-json\/wp\/v2\/pages\/27\/revisions"}],"predecessor-version":[{"id":653,"href":"https:\/\/avicole-pure-race.fr\/index.php\/wp-json\/wp\/v2\/pages\/27\/revisions\/653"}],"wp:attachment":[{"href":"https:\/\/avicole-pure-race.fr\/index.php\/wp-json\/wp\/v2\/media?parent=27"}],"curies":[{"name":"wp","href":"https:\/\/api.w.org\/{rel}","templated":true}]}}