{"id":326,"date":"2023-10-01T09:08:15","date_gmt":"2023-10-01T07:08:15","guid":{"rendered":"https:\/\/avicole-pure-race.fr\/?page_id=326"},"modified":"2023-10-05T13:38:34","modified_gmt":"2023-10-05T11:38:34","slug":"evenements-salon-des-animaux-fevrier-2024","status":"publish","type":"page","link":"https:\/\/avicole-pure-race.fr\/index.php\/evenements-salon-des-animaux-fevrier-2024\/","title":{"rendered":"Salon des animaux F\u00e9vrier 2024"},"content":{"rendered":"\t\t<div data-elementor-type=\"wp-page\" data-elementor-id=\"326\" class=\"elementor elementor-326\">\n\t\t\t\t<div class=\"elementor-element elementor-element-72f98e9 e-flex e-con-boxed e-con e-parent\" data-id=\"72f98e9\" data-element_type=\"container\" data-e-type=\"container\" data-settings=\"{&quot;background_background&quot;:&quot;classic&quot;}\">\n\t\t\t\t\t<div class=\"e-con-inner\">\n\t\t<div class=\"elementor-element elementor-element-ca06c5e e-flex e-con-boxed e-con e-child\" data-id=\"ca06c5e\" data-element_type=\"container\" data-e-type=\"container\">\n\t\t\t\t\t<div class=\"e-con-inner\">\n\t\t\t\t<div class=\"elementor-element elementor-element-604bae7 elementor-widget elementor-widget-heading\" data-id=\"604bae7\" data-element_type=\"widget\" data-e-type=\"widget\" data-widget_type=\"heading.default\">\n\t\t\t\t<div class=\"elementor-widget-container\">\n\t\t\t\t\t<h2 class=\"elementor-heading-title elementor-size-default\">Salon des animaux f\u00e9vrier 2024<\/h2>\t\t\t\t<\/div>\n\t\t\t\t<\/div>\n\t\t\t\t\t<\/div>\n\t\t\t\t<\/div>\n\t\t\t\t\t<\/div>\n\t\t\t\t<\/div>\n\t\t<div class=\"elementor-element elementor-element-281b556 e-flex e-con-boxed e-con e-parent\" data-id=\"281b556\" data-element_type=\"container\" data-e-type=\"container\">\n\t\t\t\t\t<div class=\"e-con-inner\">\n\t\t<div class=\"elementor-element elementor-element-d2c87f9 e-flex e-con-boxed e-con e-child\" data-id=\"d2c87f9\" data-element_type=\"container\" data-e-type=\"container\">\n\t\t\t\t\t<div class=\"e-con-inner\">\n\t\t\t\t\t<\/div>\n\t\t\t\t<\/div>\n\t\t\t\t\t<\/div>\n\t\t\t\t<\/div>\n\t\t\t\t<\/div>\n\t\t","protected":false},"excerpt":{"rendered":"<p>Salon des animaux f\u00e9vrier 2024 Salon des animaux F\u00e9vrier 2024 par 27 27 visiteurs ont vu cet \u00e9v\u00e8nement. Exposition annuelle des animaux (volailles, palmip\u00e8des, lapins, pigeons) Vous trouverez les feuilles inscription pour exposer dans l&rsquo;espace \u00ab\u00a0Documents\u00a0\u00bb, \u00e0 remettre par mail \u00e0 pureracepecquencourt@gmail.com ou par message priv\u00e9 Facebook S\u2019inscrire \u00e0 l\u2019\u00e9v\u00e8nement Pour vous inscrire \u00e0 cet [&hellip;]<\/p>\n","protected":false},"author":1,"featured_media":0,"parent":0,"menu_order":0,"comment_status":"closed","ping_status":"closed","template":"","meta":{"footnotes":""},"class_list":["post-326","page","type-page","status-publish","hentry","entry"],"yoast_head":"<!-- This site is optimized with the Yoast SEO plugin v27.4 - https:\/\/yoast.com\/product\/yoast-seo-wordpress\/ -->\n<title>Salon des animaux F\u00e9vrier 2024 - Avicole Pure Race Pecquencourt<\/title>\n<meta name=\"description\" content=\"Salon annuelle des animaux du 03 &amp; 04 F\u00e9vrier 2024 \u00e0 Pecquencourt. Exposition de volailles, palmip\u00e8des, lapins, pigeons\" \/>\n<meta name=\"robots\" content=\"index, follow, max-snippet:-1, max-image-preview:large, max-video-preview:-1\" \/>\n<link rel=\"canonical\" href=\"https:\/\/avicole-pure-race.fr\/index.php\/evenements-salon-des-animaux-fevrier-2024\/\" \/>\n<meta property=\"og:locale\" content=\"fr_FR\" \/>\n<meta property=\"og:type\" content=\"article\" \/>\n<meta property=\"og:title\" content=\"Salon des animaux F\u00e9vrier 2024 - Avicole Pure Race Pecquencourt\" \/>\n<meta property=\"og:description\" content=\"Salon annuelle des animaux du 03 &amp; 04 F\u00e9vrier 2024 \u00e0 Pecquencourt. Exposition de volailles, palmip\u00e8des, lapins, pigeons\" \/>\n<meta property=\"og:url\" content=\"https:\/\/avicole-pure-race.fr\/index.php\/evenements-salon-des-animaux-fevrier-2024\/\" \/>\n<meta property=\"og:site_name\" content=\"Avicole Pure-Race\" \/>\n<meta property=\"article:publisher\" content=\"https:\/\/www.facebook.com\/profile.php?id=100010556016957\" \/>\n<meta property=\"article:modified_time\" content=\"2023-10-05T11:38:34+00:00\" \/>\n<meta property=\"og:image\" content=\"http:\/\/avicole-pure-race.fr\/wp-content\/uploads\/2023\/09\/378396925_7069175506439704_5041580857559262538_n.jpg\" \/>\n<meta name=\"twitter:card\" content=\"summary_large_image\" \/>\n<meta name=\"twitter:label1\" content=\"Dur\u00e9e de lecture estim\u00e9e\" \/>\n\t<meta name=\"twitter:data1\" content=\"1 minute\" \/>\n<script type=\"application\/ld+json\" class=\"yoast-schema-graph\">{\"@context\":\"https:\\\/\\\/schema.org\",\"@graph\":[{\"@type\":\"WebPage\",\"@id\":\"https:\\\/\\\/avicole-pure-race.fr\\\/index.php\\\/evenements-salon-des-animaux-fevrier-2024\\\/\",\"url\":\"https:\\\/\\\/avicole-pure-race.fr\\\/index.php\\\/evenements-salon-des-animaux-fevrier-2024\\\/\",\"name\":\"Salon des animaux F\u00e9vrier 2024 - Avicole Pure Race Pecquencourt\",\"isPartOf\":{\"@id\":\"https:\\\/\\\/avicole-pure-race.fr\\\/#website\"},\"primaryImageOfPage\":{\"@id\":\"https:\\\/\\\/avicole-pure-race.fr\\\/index.php\\\/evenements-salon-des-animaux-fevrier-2024\\\/#primaryimage\"},\"image\":{\"@id\":\"https:\\\/\\\/avicole-pure-race.fr\\\/index.php\\\/evenements-salon-des-animaux-fevrier-2024\\\/#primaryimage\"},\"thumbnailUrl\":\"http:\\\/\\\/avicole-pure-race.fr\\\/wp-content\\\/uploads\\\/2023\\\/09\\\/378396925_7069175506439704_5041580857559262538_n.jpg\",\"datePublished\":\"2023-10-01T07:08:15+00:00\",\"dateModified\":\"2023-10-05T11:38:34+00:00\",\"description\":\"Salon annuelle des animaux du 03 & 04 F\u00e9vrier 2024 \u00e0 Pecquencourt. Exposition de volailles, palmip\u00e8des, lapins, pigeons\",\"breadcrumb\":{\"@id\":\"https:\\\/\\\/avicole-pure-race.fr\\\/index.php\\\/evenements-salon-des-animaux-fevrier-2024\\\/#breadcrumb\"},\"inLanguage\":\"fr-FR\",\"potentialAction\":[{\"@type\":\"ReadAction\",\"target\":[\"https:\\\/\\\/avicole-pure-race.fr\\\/index.php\\\/evenements-salon-des-animaux-fevrier-2024\\\/\"]}]},{\"@type\":\"ImageObject\",\"inLanguage\":\"fr-FR\",\"@id\":\"https:\\\/\\\/avicole-pure-race.fr\\\/index.php\\\/evenements-salon-des-animaux-fevrier-2024\\\/#primaryimage\",\"url\":\"http:\\\/\\\/avicole-pure-race.fr\\\/wp-content\\\/uploads\\\/2023\\\/09\\\/378396925_7069175506439704_5041580857559262538_n.jpg\",\"contentUrl\":\"http:\\\/\\\/avicole-pure-race.fr\\\/wp-content\\\/uploads\\\/2023\\\/09\\\/378396925_7069175506439704_5041580857559262538_n.jpg\"},{\"@type\":\"BreadcrumbList\",\"@id\":\"https:\\\/\\\/avicole-pure-race.fr\\\/index.php\\\/evenements-salon-des-animaux-fevrier-2024\\\/#breadcrumb\",\"itemListElement\":[{\"@type\":\"ListItem\",\"position\":1,\"name\":\"Accueil\",\"item\":\"https:\\\/\\\/avicole-pure-race.fr\\\/\"},{\"@type\":\"ListItem\",\"position\":2,\"name\":\"Salon des animaux F\u00e9vrier 2024\"}]},{\"@type\":\"WebSite\",\"@id\":\"https:\\\/\\\/avicole-pure-race.fr\\\/#website\",\"url\":\"https:\\\/\\\/avicole-pure-race.fr\\\/\",\"name\":\"Avicole Pure Race Pecquencourt\",\"description\":\"Pecquencourt\",\"publisher\":{\"@id\":\"https:\\\/\\\/avicole-pure-race.fr\\\/#organization\"},\"alternateName\":\"Avicole Pure Race\",\"potentialAction\":[{\"@type\":\"SearchAction\",\"target\":{\"@type\":\"EntryPoint\",\"urlTemplate\":\"https:\\\/\\\/avicole-pure-race.fr\\\/?s={search_term_string}\"},\"query-input\":{\"@type\":\"PropertyValueSpecification\",\"valueRequired\":true,\"valueName\":\"search_term_string\"}}],\"inLanguage\":\"fr-FR\"},{\"@type\":\"Organization\",\"@id\":\"https:\\\/\\\/avicole-pure-race.fr\\\/#organization\",\"name\":\"Avicole Pure-Race\",\"url\":\"https:\\\/\\\/avicole-pure-race.fr\\\/\",\"logo\":{\"@type\":\"ImageObject\",\"inLanguage\":\"fr-FR\",\"@id\":\"https:\\\/\\\/avicole-pure-race.fr\\\/#\\\/schema\\\/logo\\\/image\\\/\",\"url\":\"https:\\\/\\\/avicole-pure-race.fr\\\/wp-content\\\/uploads\\\/2023\\\/10\\\/logo_avicole_pure_race_menu-e1696522552313.png\",\"contentUrl\":\"https:\\\/\\\/avicole-pure-race.fr\\\/wp-content\\\/uploads\\\/2023\\\/10\\\/logo_avicole_pure_race_menu-e1696522552313.png\",\"width\":500,\"height\":203,\"caption\":\"Avicole Pure-Race\"},\"image\":{\"@id\":\"https:\\\/\\\/avicole-pure-race.fr\\\/#\\\/schema\\\/logo\\\/image\\\/\"},\"sameAs\":[\"https:\\\/\\\/www.facebook.com\\\/profile.php?id=100010556016957\"]}]}<\/script>\n<!-- \/ Yoast SEO plugin. -->","yoast_head_json":{"title":"Salon des animaux F\u00e9vrier 2024 - Avicole Pure Race Pecquencourt","description":"Salon annuelle des animaux du 03 & 04 F\u00e9vrier 2024 \u00e0 Pecquencourt. Exposition de volailles, palmip\u00e8des, lapins, pigeons","robots":{"index":"index","follow":"follow","max-snippet":"max-snippet:-1","max-image-preview":"max-image-preview:large","max-video-preview":"max-video-preview:-1"},"canonical":"https:\/\/avicole-pure-race.fr\/index.php\/evenements-salon-des-animaux-fevrier-2024\/","og_locale":"fr_FR","og_type":"article","og_title":"Salon des animaux F\u00e9vrier 2024 - Avicole Pure Race Pecquencourt","og_description":"Salon annuelle des animaux du 03 & 04 F\u00e9vrier 2024 \u00e0 Pecquencourt. Exposition de volailles, palmip\u00e8des, lapins, pigeons","og_url":"https:\/\/avicole-pure-race.fr\/index.php\/evenements-salon-des-animaux-fevrier-2024\/","og_site_name":"Avicole Pure-Race","article_publisher":"https:\/\/www.facebook.com\/profile.php?id=100010556016957","article_modified_time":"2023-10-05T11:38:34+00:00","og_image":[{"url":"http:\/\/avicole-pure-race.fr\/wp-content\/uploads\/2023\/09\/378396925_7069175506439704_5041580857559262538_n.jpg","type":"","width":"","height":""}],"twitter_card":"summary_large_image","twitter_misc":{"Dur\u00e9e de lecture estim\u00e9e":"1 minute"},"schema":{"@context":"https:\/\/schema.org","@graph":[{"@type":"WebPage","@id":"https:\/\/avicole-pure-race.fr\/index.php\/evenements-salon-des-animaux-fevrier-2024\/","url":"https:\/\/avicole-pure-race.fr\/index.php\/evenements-salon-des-animaux-fevrier-2024\/","name":"Salon des animaux F\u00e9vrier 2024 - Avicole Pure Race Pecquencourt","isPartOf":{"@id":"https:\/\/avicole-pure-race.fr\/#website"},"primaryImageOfPage":{"@id":"https:\/\/avicole-pure-race.fr\/index.php\/evenements-salon-des-animaux-fevrier-2024\/#primaryimage"},"image":{"@id":"https:\/\/avicole-pure-race.fr\/index.php\/evenements-salon-des-animaux-fevrier-2024\/#primaryimage"},"thumbnailUrl":"http:\/\/avicole-pure-race.fr\/wp-content\/uploads\/2023\/09\/378396925_7069175506439704_5041580857559262538_n.jpg","datePublished":"2023-10-01T07:08:15+00:00","dateModified":"2023-10-05T11:38:34+00:00","description":"Salon annuelle des animaux du 03 & 04 F\u00e9vrier 2024 \u00e0 Pecquencourt. Exposition de volailles, palmip\u00e8des, lapins, pigeons","breadcrumb":{"@id":"https:\/\/avicole-pure-race.fr\/index.php\/evenements-salon-des-animaux-fevrier-2024\/#breadcrumb"},"inLanguage":"fr-FR","potentialAction":[{"@type":"ReadAction","target":["https:\/\/avicole-pure-race.fr\/index.php\/evenements-salon-des-animaux-fevrier-2024\/"]}]},{"@type":"ImageObject","inLanguage":"fr-FR","@id":"https:\/\/avicole-pure-race.fr\/index.php\/evenements-salon-des-animaux-fevrier-2024\/#primaryimage","url":"http:\/\/avicole-pure-race.fr\/wp-content\/uploads\/2023\/09\/378396925_7069175506439704_5041580857559262538_n.jpg","contentUrl":"http:\/\/avicole-pure-race.fr\/wp-content\/uploads\/2023\/09\/378396925_7069175506439704_5041580857559262538_n.jpg"},{"@type":"BreadcrumbList","@id":"https:\/\/avicole-pure-race.fr\/index.php\/evenements-salon-des-animaux-fevrier-2024\/#breadcrumb","itemListElement":[{"@type":"ListItem","position":1,"name":"Accueil","item":"https:\/\/avicole-pure-race.fr\/"},{"@type":"ListItem","position":2,"name":"Salon des animaux F\u00e9vrier 2024"}]},{"@type":"WebSite","@id":"https:\/\/avicole-pure-race.fr\/#website","url":"https:\/\/avicole-pure-race.fr\/","name":"Avicole Pure Race Pecquencourt","description":"Pecquencourt","publisher":{"@id":"https:\/\/avicole-pure-race.fr\/#organization"},"alternateName":"Avicole Pure Race","potentialAction":[{"@type":"SearchAction","target":{"@type":"EntryPoint","urlTemplate":"https:\/\/avicole-pure-race.fr\/?s={search_term_string}"},"query-input":{"@type":"PropertyValueSpecification","valueRequired":true,"valueName":"search_term_string"}}],"inLanguage":"fr-FR"},{"@type":"Organization","@id":"https:\/\/avicole-pure-race.fr\/#organization","name":"Avicole Pure-Race","url":"https:\/\/avicole-pure-race.fr\/","logo":{"@type":"ImageObject","inLanguage":"fr-FR","@id":"https:\/\/avicole-pure-race.fr\/#\/schema\/logo\/image\/","url":"https:\/\/avicole-pure-race.fr\/wp-content\/uploads\/2023\/10\/logo_avicole_pure_race_menu-e1696522552313.png","contentUrl":"https:\/\/avicole-pure-race.fr\/wp-content\/uploads\/2023\/10\/logo_avicole_pure_race_menu-e1696522552313.png","width":500,"height":203,"caption":"Avicole Pure-Race"},"image":{"@id":"https:\/\/avicole-pure-race.fr\/#\/schema\/logo\/image\/"},"sameAs":["https:\/\/www.facebook.com\/profile.php?id=100010556016957"]}]}},"_links":{"self":[{"href":"https:\/\/avicole-pure-race.fr\/index.php\/wp-json\/wp\/v2\/pages\/326","targetHints":{"allow":["GET"]}}],"collection":[{"href":"https:\/\/avicole-pure-race.fr\/index.php\/wp-json\/wp\/v2\/pages"}],"about":[{"href":"https:\/\/avicole-pure-race.fr\/index.php\/wp-json\/wp\/v2\/types\/page"}],"author":[{"embeddable":true,"href":"https:\/\/avicole-pure-race.fr\/index.php\/wp-json\/wp\/v2\/users\/1"}],"replies":[{"embeddable":true,"href":"https:\/\/avicole-pure-race.fr\/index.php\/wp-json\/wp\/v2\/comments?post=326"}],"version-history":[{"count":19,"href":"https:\/\/avicole-pure-race.fr\/index.php\/wp-json\/wp\/v2\/pages\/326\/revisions"}],"predecessor-version":[{"id":513,"href":"https:\/\/avicole-pure-race.fr\/index.php\/wp-json\/wp\/v2\/pages\/326\/revisions\/513"}],"wp:attachment":[{"href":"https:\/\/avicole-pure-race.fr\/index.php\/wp-json\/wp\/v2\/media?parent=326"}],"curies":[{"name":"wp","href":"https:\/\/api.w.org\/{rel}","templated":true}]}}