{"id":47,"date":"2023-09-30T15:49:38","date_gmt":"2023-09-30T13:49:38","guid":{"rendered":"https:\/\/avicole-pure-race.fr\/?page_id=47"},"modified":"2023-10-02T23:07:42","modified_gmt":"2023-10-02T21:07:42","slug":"documents","status":"publish","type":"page","link":"https:\/\/avicole-pure-race.fr\/index.php\/documents\/","title":{"rendered":"Transfert de fichiers"},"content":{"rendered":"\t\t<div data-elementor-type=\"wp-page\" data-elementor-id=\"47\" class=\"elementor elementor-47\">\n\t\t\t\t<div class=\"elementor-element elementor-element-049ee8b e-flex e-con-boxed e-con e-parent\" data-id=\"049ee8b\" data-element_type=\"container\" data-e-type=\"container\" data-settings=\"{&quot;background_background&quot;:&quot;classic&quot;}\">\n\t\t\t\t\t<div class=\"e-con-inner\">\n\t\t\t\t<div class=\"elementor-element elementor-element-dde5c28 elementor-widget elementor-widget-heading\" data-id=\"dde5c28\" data-element_type=\"widget\" data-e-type=\"widget\" data-widget_type=\"heading.default\">\n\t\t\t\t<div class=\"elementor-widget-container\">\n\t\t\t\t\t<h2 class=\"elementor-heading-title elementor-size-default\">Documents<\/h2>\t\t\t\t<\/div>\n\t\t\t\t<\/div>\n\t\t\t\t\t<\/div>\n\t\t\t\t<\/div>\n\t\t<div class=\"elementor-element elementor-element-7796444 e-flex e-con-boxed e-con e-parent\" data-id=\"7796444\" data-element_type=\"container\" data-e-type=\"container\">\n\t\t\t\t\t<div class=\"e-con-inner\">\n\t\t\t\t<div class=\"elementor-element elementor-element-96227af elementor-widget elementor-widget-wpdmpackages\" data-id=\"96227af\" data-element_type=\"widget\" data-e-type=\"widget\" data-widget_type=\"wpdmpackages.default\">\n\t\t\t\t<div class=\"elementor-widget-container\">\n\t\t\t\t\t<div class='w3eden'>\n    <div class=''>\n\n        <form method=\"get\" class=\"__wpdm_submit_async\" data-container=\"#content_wpdm_package_1\" id=\"sc_form_wpdm_package_1\" style=\"margin-bottom: 15px\">\n    \n            <div class=\"card panel panel-default wpdm-shortcode-toolbar\">\n                <div class=\"card-body panel-body\">\n                    <div class=\"row\">\n                        <div class=\"col-lg-6 col-md-12\">\n                            <input type=\"search\" name=\"skw\" value=\"\" placeholder=\"Rechercher mot-cl\u00e9\u2026\" class=\"form-control\" \/>\n                        <\/div>\n                        <div class=\"col-lg-2 col-md-4\">\n                            <select name=\"orderby\" class=\"wpdm-custom-select custom-select\">\n                                <option value=\"date\" disabled=\"disabled\">Trier par\u00a0:<\/option>\n                                <option value=\"date\" >Date de publication<\/option>\n                                <option value=\"title\" >Titre<\/option>\n                                <option value=\"update_date\" >Date de mise \u00e0 jour<\/option>\n                                <option value=\"downloads\" >T\u00e9l\u00e9chargements<\/option>\n                                <option value=\"views\" >Vues<\/option>\n                            <\/select>\n                        <\/div>\n                        <div class=\"col-lg-2 col-md-4\">\n                            <select name=\"order\" class=\"wpdm-custom-select custom-select\">\n                                <option value=\"desc\" disabled=\"disabled\">Ordre\u00a0:<\/option>\n                                <option value=\"desc\" >D\u00e9croissant<\/option>\n                                <option value=\"asc\" >Croissant<\/option>\n                            <\/select>\n                        <\/div>\n                        <div class=\"col-lg-2 col-md-4\">\n                            <button type=\"submit\" class=\"btn btn-info btn-block\">Appliquer le filtre<\/button>\n                        <\/div>\n                    <\/div>\n                <\/div>\n            <\/div>\n\n            <\/form>\n<div class=\"spacer mb-3 d-block clearfix\"><\/div>\n\n        <div id=\"content_wpdm_package_1\">\n            <div class='row'><div class='col-lg-4 col-md-6 col-12'><!-- WPDM Link Template: Default Template -->\n\n<div class=\"link-template-default card mb-2\">\n    <div class=\"card-body\">\n        <div class=\"media\">\n            <div class=\"mr-3 img-48\"><img decoding=\"async\" class=\"wpdm_icon\" alt=\"Ic\u00f4ne\" src=\"https:\/\/avicole-pure-race.fr\/wp-content\/plugins\/download-manager\/assets\/file-type-icons\/pdf.svg\" \/><\/div>\n            <div class=\"media-body\">\n                <h3 class=\"package-title\"><a href='https:\/\/avicole-pure-race.fr\/index.php\/download\/declaration-vaccination-volailles-pigeons\/'>D\u00e9claration vaccination volailles-pigeons<\/a><\/h3>\n                <div class=\"text-muted text-small\"><i class=\"fas fa-copy\"><\/i> 1 fichier\u00b7s <i class=\"fas fa-hdd ml-3\"><\/i> 148.88 KB<\/div>\n            <\/div>\n            <div class=\"ml-3\">\n                <a class='wpdm-download-link download-on-click btn btn-primary ' rel='nofollow' href='#' data-downloadurl=\"https:\/\/avicole-pure-race.fr\/index.php\/download\/declaration-vaccination-volailles-pigeons\/?wpdmdl=757&refresh=69ecab021953e1777117954\">T\u00e9l\u00e9charger<\/a>\n            <\/div>\n        <\/div>\n    <\/div>\n<\/div>\n\n<\/div><div class='col-lg-4 col-md-6 col-12'><!-- WPDM Link Template: Default Template -->\n\n<div class=\"link-template-default card mb-2\">\n    <div class=\"card-body\">\n        <div class=\"media\">\n            <div class=\"mr-3 img-48\"><img decoding=\"async\" class=\"wpdm_icon\" alt=\"Ic\u00f4ne\" src=\"https:\/\/avicole-pure-race.fr\/wp-content\/plugins\/download-manager\/assets\/file-type-icons\/pdf.svg\" \/><\/div>\n            <div class=\"media-body\">\n                <h3 class=\"package-title\"><a href='https:\/\/avicole-pure-race.fr\/index.php\/download\/attestation-oiseaux-captifs\/'>Attestation oiseaux captifs<\/a><\/h3>\n                <div class=\"text-muted text-small\"><i class=\"fas fa-copy\"><\/i> 1 fichier\u00b7s <i class=\"fas fa-hdd ml-3\"><\/i> 286.54 KB<\/div>\n            <\/div>\n            <div class=\"ml-3\">\n                <a class='wpdm-download-link download-on-click btn btn-primary ' rel='nofollow' href='#' data-downloadurl=\"https:\/\/avicole-pure-race.fr\/index.php\/download\/attestation-oiseaux-captifs\/?wpdmdl=755&refresh=69ecab021cfe01777117954\">T\u00e9l\u00e9charger<\/a>\n            <\/div>\n        <\/div>\n    <\/div>\n<\/div>\n\n<\/div><div class='col-lg-4 col-md-6 col-12'><!-- WPDM Link Template: Default Template -->\n\n<div class=\"link-template-default card mb-2\">\n    <div class=\"card-body\">\n        <div class=\"media\">\n            <div class=\"mr-3 img-48\"><img decoding=\"async\" class=\"wpdm_icon\" alt=\"Ic\u00f4ne\" src=\"https:\/\/avicole-pure-race.fr\/wp-content\/plugins\/download-manager\/assets\/file-type-icons\/pdf.svg\" \/><\/div>\n            <div class=\"media-body\">\n                <h3 class=\"package-title\"><a href='https:\/\/avicole-pure-race.fr\/index.php\/download\/reglement-salon-des-animaux-fevrier-2025\/'>R\u00e8glement salon des animaux F\u00e9vrier 2025<\/a><\/h3>\n                <div class=\"text-muted text-small\"><i class=\"fas fa-copy\"><\/i> 1 fichier\u00b7s <i class=\"fas fa-hdd ml-3\"><\/i> 960.52 KB<\/div>\n            <\/div>\n            <div class=\"ml-3\">\n                <a class='wpdm-download-link download-on-click btn btn-primary ' rel='nofollow' href='#' data-downloadurl=\"https:\/\/avicole-pure-race.fr\/index.php\/download\/reglement-salon-des-animaux-fevrier-2025\/?wpdmdl=750&refresh=69ecab021ec7f1777117954\">T\u00e9l\u00e9charger<\/a>\n            <\/div>\n        <\/div>\n    <\/div>\n<\/div>\n\n<\/div><div class='col-lg-4 col-md-6 col-12'><!-- WPDM Link Template: Default Template -->\n\n<div class=\"link-template-default card mb-2\">\n    <div class=\"card-body\">\n        <div class=\"media\">\n            <div class=\"mr-3 img-48\"><img decoding=\"async\" class=\"wpdm_icon\" alt=\"Ic\u00f4ne\" src=\"https:\/\/avicole-pure-race.fr\/wp-content\/plugins\/download-manager\/assets\/file-type-icons\/pdf.svg\" \/><\/div>\n            <div class=\"media-body\">\n                <h3 class=\"package-title\"><a href='https:\/\/avicole-pure-race.fr\/index.php\/download\/inscription-salon-des-animaux-fevrier-2025\/'>Inscription salon des animaux F\u00e9vrier 2025<\/a><\/h3>\n                <div class=\"text-muted text-small\"><i class=\"fas fa-copy\"><\/i> 1 fichier\u00b7s <i class=\"fas fa-hdd ml-3\"><\/i> 233.18 KB<\/div>\n            <\/div>\n            <div class=\"ml-3\">\n                <a class='wpdm-download-link download-on-click btn btn-primary ' rel='nofollow' href='#' data-downloadurl=\"https:\/\/avicole-pure-race.fr\/index.php\/download\/inscription-salon-des-animaux-fevrier-2025\/?wpdmdl=748&refresh=69ecab022048d1777117954\">T\u00e9l\u00e9charger<\/a>\n            <\/div>\n        <\/div>\n    <\/div>\n<\/div>\n\n<\/div><div class='col-lg-4 col-md-6 col-12'><!-- WPDM Link Template: Default Template -->\n\n<div class=\"link-template-default card mb-2\">\n    <div class=\"card-body\">\n        <div class=\"media\">\n            <div class=\"mr-3 img-48\"><img decoding=\"async\" class=\"wpdm_icon\" alt=\"Ic\u00f4ne\" src=\"https:\/\/avicole-pure-race.fr\/wp-content\/plugins\/download-manager\/assets\/file-type-icons\/jpg.svg\" \/><\/div>\n            <div class=\"media-body\">\n                <h3 class=\"package-title\"><a href='https:\/\/avicole-pure-race.fr\/index.php\/download\/inscription-bourse-membres-uniquement\/'>Inscription bourse (membres uniquement)<\/a><\/h3>\n                <div class=\"text-muted text-small\"><i class=\"fas fa-copy\"><\/i> 1 fichier\u00b7s <i class=\"fas fa-hdd ml-3\"><\/i> 149.91 KB<\/div>\n            <\/div>\n            <div class=\"ml-3\">\n                <a class='wpdm-download-link download-on-click btn btn-primary ' rel='nofollow' href='#' data-downloadurl=\"https:\/\/avicole-pure-race.fr\/index.php\/download\/inscription-bourse-membres-uniquement\/?wpdmdl=609&refresh=69ecab0221fc41777117954\">T\u00e9l\u00e9charger<\/a>\n            <\/div>\n        <\/div>\n    <\/div>\n<\/div>\n\n<\/div><\/div>                    <\/div>\n\n        <div style='clear:both'><\/div>\n    <\/div>\n<\/div>\n\t\t\t\t<\/div>\n\t\t\t\t<\/div>\n\t\t\t\t\t<\/div>\n\t\t\t\t<\/div>\n\t\t\t\t<\/div>\n\t\t","protected":false},"excerpt":{"rendered":"<p>Documents Trier par\u00a0:Date de publicationTitreDate de mise \u00e0 jourT\u00e9l\u00e9chargementsVues Ordre\u00a0:D\u00e9croissantCroissant Appliquer le filtre Inscription salon des animaux F\u00e9vrier 2024 2.25 MB 1 T\u00e9l\u00e9chargements 2 octobre 2023 Inscription salon des animaux F\u00e9vrier 2024<\/p>\n","protected":false},"author":1,"featured_media":0,"parent":0,"menu_order":0,"comment_status":"closed","ping_status":"closed","template":"","meta":{"footnotes":""},"class_list":["post-47","page","type-page","status-publish","hentry","entry"],"yoast_head":"<!-- This site is optimized with the Yoast SEO plugin v27.4 - https:\/\/yoast.com\/product\/yoast-seo-wordpress\/ -->\n<title>Documents - Avicole Pure Race Pecquencourt<\/title>\n<meta name=\"description\" content=\"T\u00e9l\u00e9chargement des documents mis \u00e0 disposition par Avicole Pure Race Pecquencourt (Feuille d&#039;inscription aux expositions, ...)\" \/>\n<meta name=\"robots\" content=\"index, follow, max-snippet:-1, max-image-preview:large, max-video-preview:-1\" \/>\n<link rel=\"canonical\" href=\"https:\/\/avicole-pure-race.fr\/index.php\/documents\/\" \/>\n<meta property=\"og:locale\" content=\"fr_FR\" \/>\n<meta property=\"og:type\" content=\"article\" \/>\n<meta property=\"og:title\" content=\"Documents - Avicole Pure Race Pecquencourt\" \/>\n<meta property=\"og:description\" content=\"T\u00e9l\u00e9chargement des documents mis \u00e0 disposition par Avicole Pure Race Pecquencourt (Feuille d&#039;inscription aux expositions, ...)\" \/>\n<meta property=\"og:url\" content=\"https:\/\/avicole-pure-race.fr\/index.php\/documents\/\" \/>\n<meta property=\"og:site_name\" content=\"Avicole Pure-Race\" \/>\n<meta property=\"article:publisher\" content=\"https:\/\/www.facebook.com\/profile.php?id=100010556016957\" \/>\n<meta property=\"article:modified_time\" content=\"2023-10-02T21:07:42+00:00\" \/>\n<meta property=\"og:image\" content=\"http:\/\/avicole-pure-race.fr\/wp-content\/uploads\/wpdm-cache\/378396925_7069175506439704_5041580857559262538_n-96x96.jpg\" \/>\n<meta name=\"twitter:card\" content=\"summary_large_image\" \/>\n<script type=\"application\/ld+json\" class=\"yoast-schema-graph\">{\"@context\":\"https:\\\/\\\/schema.org\",\"@graph\":[{\"@type\":\"WebPage\",\"@id\":\"https:\\\/\\\/avicole-pure-race.fr\\\/index.php\\\/documents\\\/\",\"url\":\"https:\\\/\\\/avicole-pure-race.fr\\\/index.php\\\/documents\\\/\",\"name\":\"Documents - Avicole Pure Race Pecquencourt\",\"isPartOf\":{\"@id\":\"https:\\\/\\\/avicole-pure-race.fr\\\/#website\"},\"primaryImageOfPage\":{\"@id\":\"https:\\\/\\\/avicole-pure-race.fr\\\/index.php\\\/documents\\\/#primaryimage\"},\"image\":{\"@id\":\"https:\\\/\\\/avicole-pure-race.fr\\\/index.php\\\/documents\\\/#primaryimage\"},\"thumbnailUrl\":\"http:\\\/\\\/avicole-pure-race.fr\\\/wp-content\\\/uploads\\\/wpdm-cache\\\/378396925_7069175506439704_5041580857559262538_n-96x96.jpg\",\"datePublished\":\"2023-09-30T13:49:38+00:00\",\"dateModified\":\"2023-10-02T21:07:42+00:00\",\"description\":\"T\u00e9l\u00e9chargement des documents mis \u00e0 disposition par Avicole Pure Race Pecquencourt (Feuille d'inscription aux expositions, ...)\",\"breadcrumb\":{\"@id\":\"https:\\\/\\\/avicole-pure-race.fr\\\/index.php\\\/documents\\\/#breadcrumb\"},\"inLanguage\":\"fr-FR\",\"potentialAction\":[{\"@type\":\"ReadAction\",\"target\":[\"https:\\\/\\\/avicole-pure-race.fr\\\/index.php\\\/documents\\\/\"]}]},{\"@type\":\"ImageObject\",\"inLanguage\":\"fr-FR\",\"@id\":\"https:\\\/\\\/avicole-pure-race.fr\\\/index.php\\\/documents\\\/#primaryimage\",\"url\":\"http:\\\/\\\/avicole-pure-race.fr\\\/wp-content\\\/uploads\\\/wpdm-cache\\\/378396925_7069175506439704_5041580857559262538_n-96x96.jpg\",\"contentUrl\":\"http:\\\/\\\/avicole-pure-race.fr\\\/wp-content\\\/uploads\\\/wpdm-cache\\\/378396925_7069175506439704_5041580857559262538_n-96x96.jpg\"},{\"@type\":\"BreadcrumbList\",\"@id\":\"https:\\\/\\\/avicole-pure-race.fr\\\/index.php\\\/documents\\\/#breadcrumb\",\"itemListElement\":[{\"@type\":\"ListItem\",\"position\":1,\"name\":\"Accueil\",\"item\":\"https:\\\/\\\/avicole-pure-race.fr\\\/\"},{\"@type\":\"ListItem\",\"position\":2,\"name\":\"Transfert de fichiers\"}]},{\"@type\":\"WebSite\",\"@id\":\"https:\\\/\\\/avicole-pure-race.fr\\\/#website\",\"url\":\"https:\\\/\\\/avicole-pure-race.fr\\\/\",\"name\":\"Avicole Pure Race Pecquencourt\",\"description\":\"Pecquencourt\",\"publisher\":{\"@id\":\"https:\\\/\\\/avicole-pure-race.fr\\\/#organization\"},\"alternateName\":\"Avicole Pure Race\",\"potentialAction\":[{\"@type\":\"SearchAction\",\"target\":{\"@type\":\"EntryPoint\",\"urlTemplate\":\"https:\\\/\\\/avicole-pure-race.fr\\\/?s={search_term_string}\"},\"query-input\":{\"@type\":\"PropertyValueSpecification\",\"valueRequired\":true,\"valueName\":\"search_term_string\"}}],\"inLanguage\":\"fr-FR\"},{\"@type\":\"Organization\",\"@id\":\"https:\\\/\\\/avicole-pure-race.fr\\\/#organization\",\"name\":\"Avicole Pure-Race\",\"url\":\"https:\\\/\\\/avicole-pure-race.fr\\\/\",\"logo\":{\"@type\":\"ImageObject\",\"inLanguage\":\"fr-FR\",\"@id\":\"https:\\\/\\\/avicole-pure-race.fr\\\/#\\\/schema\\\/logo\\\/image\\\/\",\"url\":\"https:\\\/\\\/avicole-pure-race.fr\\\/wp-content\\\/uploads\\\/2023\\\/10\\\/logo_avicole_pure_race_menu-e1696522552313.png\",\"contentUrl\":\"https:\\\/\\\/avicole-pure-race.fr\\\/wp-content\\\/uploads\\\/2023\\\/10\\\/logo_avicole_pure_race_menu-e1696522552313.png\",\"width\":500,\"height\":203,\"caption\":\"Avicole Pure-Race\"},\"image\":{\"@id\":\"https:\\\/\\\/avicole-pure-race.fr\\\/#\\\/schema\\\/logo\\\/image\\\/\"},\"sameAs\":[\"https:\\\/\\\/www.facebook.com\\\/profile.php?id=100010556016957\"]}]}<\/script>\n<!-- \/ Yoast SEO plugin. -->","yoast_head_json":{"title":"Documents - Avicole Pure Race Pecquencourt","description":"T\u00e9l\u00e9chargement des documents mis \u00e0 disposition par Avicole Pure Race Pecquencourt (Feuille d'inscription aux expositions, ...)","robots":{"index":"index","follow":"follow","max-snippet":"max-snippet:-1","max-image-preview":"max-image-preview:large","max-video-preview":"max-video-preview:-1"},"canonical":"https:\/\/avicole-pure-race.fr\/index.php\/documents\/","og_locale":"fr_FR","og_type":"article","og_title":"Documents - Avicole Pure Race Pecquencourt","og_description":"T\u00e9l\u00e9chargement des documents mis \u00e0 disposition par Avicole Pure Race Pecquencourt (Feuille d'inscription aux expositions, ...)","og_url":"https:\/\/avicole-pure-race.fr\/index.php\/documents\/","og_site_name":"Avicole Pure-Race","article_publisher":"https:\/\/www.facebook.com\/profile.php?id=100010556016957","article_modified_time":"2023-10-02T21:07:42+00:00","og_image":[{"url":"http:\/\/avicole-pure-race.fr\/wp-content\/uploads\/wpdm-cache\/378396925_7069175506439704_5041580857559262538_n-96x96.jpg","type":"","width":"","height":""}],"twitter_card":"summary_large_image","schema":{"@context":"https:\/\/schema.org","@graph":[{"@type":"WebPage","@id":"https:\/\/avicole-pure-race.fr\/index.php\/documents\/","url":"https:\/\/avicole-pure-race.fr\/index.php\/documents\/","name":"Documents - Avicole Pure Race Pecquencourt","isPartOf":{"@id":"https:\/\/avicole-pure-race.fr\/#website"},"primaryImageOfPage":{"@id":"https:\/\/avicole-pure-race.fr\/index.php\/documents\/#primaryimage"},"image":{"@id":"https:\/\/avicole-pure-race.fr\/index.php\/documents\/#primaryimage"},"thumbnailUrl":"http:\/\/avicole-pure-race.fr\/wp-content\/uploads\/wpdm-cache\/378396925_7069175506439704_5041580857559262538_n-96x96.jpg","datePublished":"2023-09-30T13:49:38+00:00","dateModified":"2023-10-02T21:07:42+00:00","description":"T\u00e9l\u00e9chargement des documents mis \u00e0 disposition par Avicole Pure Race Pecquencourt (Feuille d'inscription aux expositions, ...)","breadcrumb":{"@id":"https:\/\/avicole-pure-race.fr\/index.php\/documents\/#breadcrumb"},"inLanguage":"fr-FR","potentialAction":[{"@type":"ReadAction","target":["https:\/\/avicole-pure-race.fr\/index.php\/documents\/"]}]},{"@type":"ImageObject","inLanguage":"fr-FR","@id":"https:\/\/avicole-pure-race.fr\/index.php\/documents\/#primaryimage","url":"http:\/\/avicole-pure-race.fr\/wp-content\/uploads\/wpdm-cache\/378396925_7069175506439704_5041580857559262538_n-96x96.jpg","contentUrl":"http:\/\/avicole-pure-race.fr\/wp-content\/uploads\/wpdm-cache\/378396925_7069175506439704_5041580857559262538_n-96x96.jpg"},{"@type":"BreadcrumbList","@id":"https:\/\/avicole-pure-race.fr\/index.php\/documents\/#breadcrumb","itemListElement":[{"@type":"ListItem","position":1,"name":"Accueil","item":"https:\/\/avicole-pure-race.fr\/"},{"@type":"ListItem","position":2,"name":"Transfert de fichiers"}]},{"@type":"WebSite","@id":"https:\/\/avicole-pure-race.fr\/#website","url":"https:\/\/avicole-pure-race.fr\/","name":"Avicole Pure Race Pecquencourt","description":"Pecquencourt","publisher":{"@id":"https:\/\/avicole-pure-race.fr\/#organization"},"alternateName":"Avicole Pure Race","potentialAction":[{"@type":"SearchAction","target":{"@type":"EntryPoint","urlTemplate":"https:\/\/avicole-pure-race.fr\/?s={search_term_string}"},"query-input":{"@type":"PropertyValueSpecification","valueRequired":true,"valueName":"search_term_string"}}],"inLanguage":"fr-FR"},{"@type":"Organization","@id":"https:\/\/avicole-pure-race.fr\/#organization","name":"Avicole Pure-Race","url":"https:\/\/avicole-pure-race.fr\/","logo":{"@type":"ImageObject","inLanguage":"fr-FR","@id":"https:\/\/avicole-pure-race.fr\/#\/schema\/logo\/image\/","url":"https:\/\/avicole-pure-race.fr\/wp-content\/uploads\/2023\/10\/logo_avicole_pure_race_menu-e1696522552313.png","contentUrl":"https:\/\/avicole-pure-race.fr\/wp-content\/uploads\/2023\/10\/logo_avicole_pure_race_menu-e1696522552313.png","width":500,"height":203,"caption":"Avicole Pure-Race"},"image":{"@id":"https:\/\/avicole-pure-race.fr\/#\/schema\/logo\/image\/"},"sameAs":["https:\/\/www.facebook.com\/profile.php?id=100010556016957"]}]}},"_links":{"self":[{"href":"https:\/\/avicole-pure-race.fr\/index.php\/wp-json\/wp\/v2\/pages\/47","targetHints":{"allow":["GET"]}}],"collection":[{"href":"https:\/\/avicole-pure-race.fr\/index.php\/wp-json\/wp\/v2\/pages"}],"about":[{"href":"https:\/\/avicole-pure-race.fr\/index.php\/wp-json\/wp\/v2\/types\/page"}],"author":[{"embeddable":true,"href":"https:\/\/avicole-pure-race.fr\/index.php\/wp-json\/wp\/v2\/users\/1"}],"replies":[{"embeddable":true,"href":"https:\/\/avicole-pure-race.fr\/index.php\/wp-json\/wp\/v2\/comments?post=47"}],"version-history":[{"count":15,"href":"https:\/\/avicole-pure-race.fr\/index.php\/wp-json\/wp\/v2\/pages\/47\/revisions"}],"predecessor-version":[{"id":485,"href":"https:\/\/avicole-pure-race.fr\/index.php\/wp-json\/wp\/v2\/pages\/47\/revisions\/485"}],"wp:attachment":[{"href":"https:\/\/avicole-pure-race.fr\/index.php\/wp-json\/wp\/v2\/media?parent=47"}],"curies":[{"name":"wp","href":"https:\/\/api.w.org\/{rel}","templated":true}]}}