{"id":607,"date":"2023-11-26T17:29:07","date_gmt":"2023-11-26T16:29:07","guid":{"rendered":"https:\/\/avicole-pure-race.fr\/index.php\/venue-dashboard-2\/"},"modified":"2023-11-26T17:29:07","modified_gmt":"2023-11-26T16:29:07","slug":"venue-dashboard-2","status":"publish","type":"page","link":"https:\/\/avicole-pure-race.fr\/index.php\/venue-dashboard-2\/","title":{"rendered":"Venue Dashboard"},"content":{"rendered":"\t\t\t<div id=\"event-manager-event-dashboard\">\n\t\t\t\t<p class=\"account-sign-in wpem-alert wpem-alert-info\">Vous devez \u00eatre connect\u00e9 pour g\u00e9rer vos listes de lieux. <a href=\"https:\/\/avicole-pure-race.fr\/wp-login.php\">Se connecter<\/a><\/p>\n\t\t\t<\/div>\n\t\t\t\n","protected":false},"excerpt":{"rendered":"","protected":false},"author":1,"featured_media":0,"parent":0,"menu_order":0,"comment_status":"closed","ping_status":"closed","template":"","meta":{"footnotes":""},"class_list":["post-607","page","type-page","status-publish","hentry","entry"],"yoast_head":"<!-- This site is optimized with the Yoast SEO plugin v27.4 - https:\/\/yoast.com\/product\/yoast-seo-wordpress\/ -->\n<title>Venue Dashboard - Avicole Pure-Race<\/title>\n<meta name=\"robots\" content=\"index, follow, max-snippet:-1, max-image-preview:large, max-video-preview:-1\" \/>\n<link rel=\"canonical\" href=\"https:\/\/avicole-pure-race.fr\/index.php\/venue-dashboard-2\/\" \/>\n<meta property=\"og:locale\" content=\"fr_FR\" \/>\n<meta property=\"og:type\" content=\"article\" \/>\n<meta property=\"og:title\" content=\"Venue Dashboard - Avicole Pure-Race\" \/>\n<meta property=\"og:url\" content=\"https:\/\/avicole-pure-race.fr\/index.php\/venue-dashboard-2\/\" \/>\n<meta property=\"og:site_name\" content=\"Avicole Pure-Race\" \/>\n<meta property=\"article:publisher\" content=\"https:\/\/www.facebook.com\/profile.php?id=100010556016957\" \/>\n<meta property=\"og:image\" content=\"https:\/\/avicole-pure-race.fr\/wp-content\/uploads\/2023\/09\/Logo-710x1024.png\" \/>\n\t<meta property=\"og:image:width\" content=\"710\" \/>\n\t<meta property=\"og:image:height\" content=\"1024\" \/>\n\t<meta property=\"og:image:type\" content=\"image\/png\" \/>\n<meta name=\"twitter:card\" content=\"summary_large_image\" \/>\n<script type=\"application\/ld+json\" class=\"yoast-schema-graph\">{\"@context\":\"https:\\\/\\\/schema.org\",\"@graph\":[{\"@type\":\"WebPage\",\"@id\":\"https:\\\/\\\/avicole-pure-race.fr\\\/index.php\\\/venue-dashboard-2\\\/\",\"url\":\"https:\\\/\\\/avicole-pure-race.fr\\\/index.php\\\/venue-dashboard-2\\\/\",\"name\":\"Venue Dashboard - Avicole Pure-Race\",\"isPartOf\":{\"@id\":\"https:\\\/\\\/avicole-pure-race.fr\\\/#website\"},\"datePublished\":\"2023-11-26T16:29:07+00:00\",\"breadcrumb\":{\"@id\":\"https:\\\/\\\/avicole-pure-race.fr\\\/index.php\\\/venue-dashboard-2\\\/#breadcrumb\"},\"inLanguage\":\"fr-FR\",\"potentialAction\":[{\"@type\":\"ReadAction\",\"target\":[\"https:\\\/\\\/avicole-pure-race.fr\\\/index.php\\\/venue-dashboard-2\\\/\"]}]},{\"@type\":\"BreadcrumbList\",\"@id\":\"https:\\\/\\\/avicole-pure-race.fr\\\/index.php\\\/venue-dashboard-2\\\/#breadcrumb\",\"itemListElement\":[{\"@type\":\"ListItem\",\"position\":1,\"name\":\"Accueil\",\"item\":\"https:\\\/\\\/avicole-pure-race.fr\\\/\"},{\"@type\":\"ListItem\",\"position\":2,\"name\":\"Venue Dashboard\"}]},{\"@type\":\"WebSite\",\"@id\":\"https:\\\/\\\/avicole-pure-race.fr\\\/#website\",\"url\":\"https:\\\/\\\/avicole-pure-race.fr\\\/\",\"name\":\"Avicole Pure Race Pecquencourt\",\"description\":\"Pecquencourt\",\"publisher\":{\"@id\":\"https:\\\/\\\/avicole-pure-race.fr\\\/#organization\"},\"alternateName\":\"Avicole Pure Race\",\"potentialAction\":[{\"@type\":\"SearchAction\",\"target\":{\"@type\":\"EntryPoint\",\"urlTemplate\":\"https:\\\/\\\/avicole-pure-race.fr\\\/?s={search_term_string}\"},\"query-input\":{\"@type\":\"PropertyValueSpecification\",\"valueRequired\":true,\"valueName\":\"search_term_string\"}}],\"inLanguage\":\"fr-FR\"},{\"@type\":\"Organization\",\"@id\":\"https:\\\/\\\/avicole-pure-race.fr\\\/#organization\",\"name\":\"Avicole Pure-Race\",\"url\":\"https:\\\/\\\/avicole-pure-race.fr\\\/\",\"logo\":{\"@type\":\"ImageObject\",\"inLanguage\":\"fr-FR\",\"@id\":\"https:\\\/\\\/avicole-pure-race.fr\\\/#\\\/schema\\\/logo\\\/image\\\/\",\"url\":\"https:\\\/\\\/avicole-pure-race.fr\\\/wp-content\\\/uploads\\\/2023\\\/10\\\/logo_avicole_pure_race_menu-e1696522552313.png\",\"contentUrl\":\"https:\\\/\\\/avicole-pure-race.fr\\\/wp-content\\\/uploads\\\/2023\\\/10\\\/logo_avicole_pure_race_menu-e1696522552313.png\",\"width\":500,\"height\":203,\"caption\":\"Avicole Pure-Race\"},\"image\":{\"@id\":\"https:\\\/\\\/avicole-pure-race.fr\\\/#\\\/schema\\\/logo\\\/image\\\/\"},\"sameAs\":[\"https:\\\/\\\/www.facebook.com\\\/profile.php?id=100010556016957\"]}]}<\/script>\n<!-- \/ Yoast SEO plugin. -->","yoast_head_json":{"title":"Venue Dashboard - Avicole Pure-Race","robots":{"index":"index","follow":"follow","max-snippet":"max-snippet:-1","max-image-preview":"max-image-preview:large","max-video-preview":"max-video-preview:-1"},"canonical":"https:\/\/avicole-pure-race.fr\/index.php\/venue-dashboard-2\/","og_locale":"fr_FR","og_type":"article","og_title":"Venue Dashboard - Avicole Pure-Race","og_url":"https:\/\/avicole-pure-race.fr\/index.php\/venue-dashboard-2\/","og_site_name":"Avicole Pure-Race","article_publisher":"https:\/\/www.facebook.com\/profile.php?id=100010556016957","og_image":[{"width":710,"height":1024,"url":"https:\/\/avicole-pure-race.fr\/wp-content\/uploads\/2023\/09\/Logo-710x1024.png","type":"image\/png"}],"twitter_card":"summary_large_image","schema":{"@context":"https:\/\/schema.org","@graph":[{"@type":"WebPage","@id":"https:\/\/avicole-pure-race.fr\/index.php\/venue-dashboard-2\/","url":"https:\/\/avicole-pure-race.fr\/index.php\/venue-dashboard-2\/","name":"Venue Dashboard - Avicole Pure-Race","isPartOf":{"@id":"https:\/\/avicole-pure-race.fr\/#website"},"datePublished":"2023-11-26T16:29:07+00:00","breadcrumb":{"@id":"https:\/\/avicole-pure-race.fr\/index.php\/venue-dashboard-2\/#breadcrumb"},"inLanguage":"fr-FR","potentialAction":[{"@type":"ReadAction","target":["https:\/\/avicole-pure-race.fr\/index.php\/venue-dashboard-2\/"]}]},{"@type":"BreadcrumbList","@id":"https:\/\/avicole-pure-race.fr\/index.php\/venue-dashboard-2\/#breadcrumb","itemListElement":[{"@type":"ListItem","position":1,"name":"Accueil","item":"https:\/\/avicole-pure-race.fr\/"},{"@type":"ListItem","position":2,"name":"Venue Dashboard"}]},{"@type":"WebSite","@id":"https:\/\/avicole-pure-race.fr\/#website","url":"https:\/\/avicole-pure-race.fr\/","name":"Avicole Pure Race Pecquencourt","description":"Pecquencourt","publisher":{"@id":"https:\/\/avicole-pure-race.fr\/#organization"},"alternateName":"Avicole Pure Race","potentialAction":[{"@type":"SearchAction","target":{"@type":"EntryPoint","urlTemplate":"https:\/\/avicole-pure-race.fr\/?s={search_term_string}"},"query-input":{"@type":"PropertyValueSpecification","valueRequired":true,"valueName":"search_term_string"}}],"inLanguage":"fr-FR"},{"@type":"Organization","@id":"https:\/\/avicole-pure-race.fr\/#organization","name":"Avicole Pure-Race","url":"https:\/\/avicole-pure-race.fr\/","logo":{"@type":"ImageObject","inLanguage":"fr-FR","@id":"https:\/\/avicole-pure-race.fr\/#\/schema\/logo\/image\/","url":"https:\/\/avicole-pure-race.fr\/wp-content\/uploads\/2023\/10\/logo_avicole_pure_race_menu-e1696522552313.png","contentUrl":"https:\/\/avicole-pure-race.fr\/wp-content\/uploads\/2023\/10\/logo_avicole_pure_race_menu-e1696522552313.png","width":500,"height":203,"caption":"Avicole Pure-Race"},"image":{"@id":"https:\/\/avicole-pure-race.fr\/#\/schema\/logo\/image\/"},"sameAs":["https:\/\/www.facebook.com\/profile.php?id=100010556016957"]}]}},"_links":{"self":[{"href":"https:\/\/avicole-pure-race.fr\/index.php\/wp-json\/wp\/v2\/pages\/607","targetHints":{"allow":["GET"]}}],"collection":[{"href":"https:\/\/avicole-pure-race.fr\/index.php\/wp-json\/wp\/v2\/pages"}],"about":[{"href":"https:\/\/avicole-pure-race.fr\/index.php\/wp-json\/wp\/v2\/types\/page"}],"author":[{"embeddable":true,"href":"https:\/\/avicole-pure-race.fr\/index.php\/wp-json\/wp\/v2\/users\/1"}],"replies":[{"embeddable":true,"href":"https:\/\/avicole-pure-race.fr\/index.php\/wp-json\/wp\/v2\/comments?post=607"}],"version-history":[{"count":0,"href":"https:\/\/avicole-pure-race.fr\/index.php\/wp-json\/wp\/v2\/pages\/607\/revisions"}],"wp:attachment":[{"href":"https:\/\/avicole-pure-race.fr\/index.php\/wp-json\/wp\/v2\/media?parent=607"}],"curies":[{"name":"wp","href":"https:\/\/api.w.org\/{rel}","templated":true}]}}